{"id":126,"date":"2018-02-27T07:51:08","date_gmt":"2018-02-27T07:51:08","guid":{"rendered":"https:\/\/demo.sparklewpthemes.com\/constructionlightpro\/constyellow\/electrical-wiring\/"},"modified":"2022-04-25T12:00:32","modified_gmt":"2022-04-25T12:00:32","slug":"raeumungssimulationen","status":"publish","type":"page","link":"http:\/\/bauberatung-brandschutz.de\/en\/raeumungssimulationen\/","title":{"rendered":"Evacuation Simulations"},"content":{"rendered":"<div data-elementor-type=\"wp-page\" data-elementor-id=\"126\" class=\"elementor elementor-126\">\n\t\t\t\t\t\t<section class=\"elementor-section elementor-top-section elementor-element elementor-element-4f294002 elementor-section-boxed elementor-section-height-default elementor-section-height-default\" data-id=\"4f294002\" data-element_type=\"section\" data-e-type=\"section\">\n\t\t\t\t\t\t<div class=\"elementor-container elementor-column-gap-default\">\n\t\t\t\t\t<div class=\"elementor-column elementor-col-100 elementor-top-column elementor-element elementor-element-5cc52cb3\" data-id=\"5cc52cb3\" data-element_type=\"column\" data-e-type=\"column\">\n\t\t\t<div class=\"elementor-widget-wrap elementor-element-populated\">\n\t\t\t\t\t\t<div class=\"elementor-element elementor-element-78dc9b5c elementor-widget elementor-widget-text-editor\" data-id=\"78dc9b5c\" data-element_type=\"widget\" data-e-type=\"widget\" data-widget_type=\"text-editor.default\">\n\t\t\t\t<div class=\"elementor-widget-container\">\n\t\t\t\t\t\t\t\t\t<p><span style=\"font-family: Montserrat;\"><\/span><\/p>\n<p><span style=\"font-family: Montserrat;\">The evacuation routes of a building ensure the highest protection goal in the construction industry: the integrity of people. With appropriate...<\/span><\/p>\n<p><span style=\"font-family: Montserrat;\">With the appropriate care, therefore, evacuation routes must be examined, especially when not all the requirements of building regulations or occupational health and safety regulations can be met. As a solution, we offer for this:<\/span><\/p>\n<p><span style=\"font-family: Montserrat;\">Modern fire protection with engineering methods and <strong>Evacuation Simulations<\/strong><\/span><\/p>\n<p><span style=\"font-family: Montserrat;\">Durch mikroskopische Modelle (Pathfinder) finden wir individuelle und risikogerechte L\u00f6sungen zur Sicherstellung der Rettungswege f\u00fcr die gesamte Bandbreite der Aufgabenstellungen wie z.B.:<\/span><\/p>\n<ul>\n<li><span style=\"font-family: Montserrat;\">Venue and event planning<\/span><\/li>\n<li><span style=\"font-family: Montserrat;\">Exhibition buildings and recreational facilities<\/span><\/li>\n<li><span style=\"font-family: Montserrat;\">Sales outlets and shopping centers<\/span><\/li>\n<li><span style=\"font-family: Montserrat;\">Patient evacuation in nursing homes and hospitals<\/span><\/li>\n<li><span style=\"font-family: Montserrat;\">Sprawling and cluttered industrial and commercial buildings<\/span><\/li>\n<li><span style=\"font-family: Montserrat;\">Public buildings such as train stations and airports<\/span><\/li>\n<\/ul>\n<p><span style=\"font-family: Montserrat;\">Wir unterst\u00fctzen Sie durch nachvollziehbare Untersuchungen und detaillierte Erl\u00e4uterung gegen\u00fcber den zust\u00e4ndigen Beh\u00f6rden, um die Akzeptanz Ihrer Individuall\u00f6sung sicherzustellen.<\/span><\/p>\n<p><span style=\"font-family: Montserrat;\"><\/span><\/p>\t\t\t\t\t\t\t\t<\/div>\n\t\t\t\t<\/div>\n\t\t\t\t\t<\/div>\n\t\t<\/div>\n\t\t\t\t\t<\/div>\n\t\t<\/section>\n\t\t\t\t<\/div>","protected":false},"excerpt":{"rendered":"<p>Die Rettungswege eines Geb\u00e4udes sichern das h\u00f6chste Schutzziel des Bauwesens: Die Unversehrtheit der Menschen. Mit angemessener Sorgfalt m\u00fcssen daher Rettungswege untersucht werden, gerade dann, wenn&hellip;<\/p>","protected":false},"author":1,"featured_media":2530,"parent":0,"menu_order":0,"comment_status":"closed","ping_status":"closed","template":"","meta":{"footnotes":""},"class_list":["post-126","page","type-page","status-publish","has-post-thumbnail","hentry"],"_links":{"self":[{"href":"http:\/\/bauberatung-brandschutz.de\/en\/wp-json\/wp\/v2\/pages\/126","targetHints":{"allow":["GET"]}}],"collection":[{"href":"http:\/\/bauberatung-brandschutz.de\/en\/wp-json\/wp\/v2\/pages"}],"about":[{"href":"http:\/\/bauberatung-brandschutz.de\/en\/wp-json\/wp\/v2\/types\/page"}],"author":[{"embeddable":true,"href":"http:\/\/bauberatung-brandschutz.de\/en\/wp-json\/wp\/v2\/users\/1"}],"replies":[{"embeddable":true,"href":"http:\/\/bauberatung-brandschutz.de\/en\/wp-json\/wp\/v2\/comments?post=126"}],"version-history":[{"count":25,"href":"http:\/\/bauberatung-brandschutz.de\/en\/wp-json\/wp\/v2\/pages\/126\/revisions"}],"predecessor-version":[{"id":2958,"href":"http:\/\/bauberatung-brandschutz.de\/en\/wp-json\/wp\/v2\/pages\/126\/revisions\/2958"}],"wp:featuredmedia":[{"embeddable":true,"href":"http:\/\/bauberatung-brandschutz.de\/en\/wp-json\/wp\/v2\/media\/2530"}],"wp:attachment":[{"href":"http:\/\/bauberatung-brandschutz.de\/en\/wp-json\/wp\/v2\/media?parent=126"}],"curies":[{"name":"wp","href":"https:\/\/api.w.org\/{rel}","templated":true}]}}