{"id":199,"date":"2018-02-28T07:02:35","date_gmt":"2018-02-28T07:02:35","guid":{"rendered":"https:\/\/demo.sparklewpthemes.com\/constructionlightpro\/constyellow\/about\/"},"modified":"2025-07-11T09:37:49","modified_gmt":"2025-07-11T09:37:49","slug":"ueber-uns","status":"publish","type":"page","link":"https:\/\/bauberatung-brandschutz.de\/en\/ueber-uns\/","title":{"rendered":"About Us"},"content":{"rendered":"<div data-elementor-type=\"wp-page\" data-elementor-id=\"199\" class=\"elementor elementor-199\">\n\t\t\t\t\t\t<section class=\"elementor-section elementor-top-section elementor-element elementor-element-046b3cb elementor-section-boxed elementor-section-height-default elementor-section-height-default\" data-id=\"046b3cb\" data-element_type=\"section\" data-e-type=\"section\">\n\t\t\t\t\t\t<div class=\"elementor-container elementor-column-gap-default\">\n\t\t\t\t\t<div class=\"elementor-column elementor-col-100 elementor-top-column elementor-element elementor-element-82061c8\" data-id=\"82061c8\" data-element_type=\"column\" data-e-type=\"column\">\n\t\t\t<div class=\"elementor-widget-wrap elementor-element-populated\">\n\t\t\t\t\t\t<div class=\"elementor-element elementor-element-7920b9f elementor-widget elementor-widget-text-editor\" data-id=\"7920b9f\" data-element_type=\"widget\" data-e-type=\"widget\" data-widget_type=\"text-editor.default\">\n\t\t\t\t<div class=\"elementor-widget-container\">\n\t\t\t\t\t\t\t\t\t<h6 style=\"text-align: center;\"><span style=\"color: #808080; font-size: 16px; font-family: Montserrat;\">Here you can find current facts about Bauberatung Brandschutz Fakesch GmbH.<\/span><\/h6>\n<h6 style=\"text-align: center;\"><span style=\"color: #808080; font-size: 16px; font-family: Montserrat;\">Also, a listing of qualifications and introduction of management.<\/span><\/h6>\t\t\t\t\t\t\t\t<\/div>\n\t\t\t\t<\/div>\n\t\t\t\t\t<\/div>\n\t\t<\/div>\n\t\t\t\t\t<\/div>\n\t\t<\/section>\n\t\t\t\t<section class=\"elementor-section elementor-top-section elementor-element elementor-element-653bac2 elementor-section-boxed elementor-section-height-default elementor-section-height-default\" data-id=\"653bac2\" data-element_type=\"section\" data-e-type=\"section\">\n\t\t\t\t\t\t<div class=\"elementor-container elementor-column-gap-default\">\n\t\t\t\t\t<div class=\"elementor-column elementor-col-100 elementor-top-column elementor-element elementor-element-92d866d\" data-id=\"92d866d\" data-element_type=\"column\" data-e-type=\"column\">\n\t\t\t<div class=\"elementor-widget-wrap elementor-element-populated\">\n\t\t\t\t\t\t<section class=\"elementor-section elementor-inner-section elementor-element elementor-element-e5f6e19 elementor-section-boxed elementor-section-height-default elementor-section-height-default\" data-id=\"e5f6e19\" data-element_type=\"section\" data-e-type=\"section\">\n\t\t\t\t\t\t<div class=\"elementor-container elementor-column-gap-default\">\n\t\t\t\t\t<div class=\"elementor-column elementor-col-50 elementor-inner-column elementor-element elementor-element-6bd9d91\" data-id=\"6bd9d91\" data-element_type=\"column\" data-e-type=\"column\">\n\t\t\t<div class=\"elementor-widget-wrap elementor-element-populated\">\n\t\t\t\t\t\t<div class=\"elementor-element elementor-element-3340d3a elementor-widget elementor-widget-text-editor\" data-id=\"3340d3a\" data-element_type=\"widget\" data-e-type=\"widget\" data-widget_type=\"text-editor.default\">\n\t\t\t\t<div class=\"elementor-widget-container\">\n\t\t\t\t\t\t\t\t\t<p><span style=\"font-family: Montserrat; font-size: 16px; color: #808080;\">When safety comes first, when people, architecture and technology are involved, it takes more than pure expertise. When it comes to fire protection, you should trust a partner who combines experience and expertise with common sense.<\/span><\/p><p><span style=\"font-family: Montserrat; font-size: 16px; color: #808080;\">Bauberatung Brandschutz Fakesch accompanies you from the feasibility analysis to the planning and continuous object supervision, from smaller residential buildings to large-scale projects. We know the laws and regulations, and we have the technical know-how and contacts in all important areas. At the same time, we always keep a firm eye on the costs. We create individual fire protection concepts and find the best solution for you in each case. Thus, we offer you the highest possible protection. You can rely on that.<\/span><\/p><h5><span style=\"text-decoration: underline; color: #dbed48; font-family: Montserrat; font-size: 16px;\"><strong>Quality is based on training, experience and continuous development.<\/strong><\/span><\/h5><p><span style=\"font-family: Montserrat; font-size: 16px; color: #808080;\">Based on a degree in engineering (civil engineering, architecture or safety engineers) of all employees, regular external and internal trainings ensure a consulting and support of our customers that is oriented towards the constant change of legal and technical framework conditions.<\/span><br \/><span style=\"font-family: Montserrat; font-size: 16px; color: #808080;\">For the continuous improvement of our work, we provide new information to the entire team, face constructive criticism and realize change processes.<\/span><br \/><span style=\"font-family: Montserrat; font-size: 16px; color: #808080;\">The trust of our customers, whether building owners or specialized companies, encourages us in this path.<\/span><\/p><p style=\"margin: 0in; font-family: Calibri; font-size: 11.0pt;\">\u00a0<\/p>\t\t\t\t\t\t\t\t<\/div>\n\t\t\t\t<\/div>\n\t\t\t\t\t<\/div>\n\t\t<\/div>\n\t\t\t\t<div class=\"elementor-column elementor-col-50 elementor-inner-column elementor-element elementor-element-b65c467\" data-id=\"b65c467\" data-element_type=\"column\" data-e-type=\"column\">\n\t\t\t<div class=\"elementor-widget-wrap elementor-element-populated\">\n\t\t\t\t\t\t<div class=\"elementor-element elementor-element-3da4b20 elementor-widget elementor-widget-text-editor\" data-id=\"3da4b20\" data-element_type=\"widget\" data-e-type=\"widget\" data-widget_type=\"text-editor.default\">\n\t\t\t\t<div class=\"elementor-widget-container\">\n\t\t\t\t\t\t\t\t\t<h5><span style=\"text-decoration: underline; font-family: Montserrat; font-size: 16px; color: #dbed48;\"><strong><span style=\"background: white;\">Qualifications<\/span><\/strong><\/span><\/h5>\n<h6 style=\"margin: 0in; font-family: Montserrat; font-size: 10.0pt; color: #1f8347;\"><span style=\"color: #dbed48; font-size: 16px;\"><strong><span style=\"background: white;\">Test experts for fire protection<\/span><\/strong><\/span><\/h6>\n<p><span style=\"font-size: 16px; font-family: Montserrat; color: #808080;\">Depending on the federal state, certain inspection tasks are assigned to private experts. Within the building permit procedure, testing experts take over the testing of externally prepared fire protection concepts, monitor the construction work and certify compliance with the official requirements.<\/span><\/p>\n<h6 style=\"margin: 0in; font-family: Montserrat; font-size: 10.0pt; color: #1f8347;\"><span style=\"color: #dbed48; font-size: 16px;\"><strong><span style=\"background: white;\">Experts for fire protection construction and object supervision<\/span><\/strong><\/span><\/h6>\n<p style=\"margin: 0in; font-family: Montserrat; font-size: 10.5pt; color: #666666;\"><span style=\"color: #808080; font-size: 16px;\">Our expert for fire protection construction and object monitoring advises building owners and executing specialists from the construction phase to the commissioning of a building. Execution errors in the implementation of the fire protection concept are identified, and adequate solutions are developed. The acceptance tests of the technical fire protection systems and relevant components are coordinated and documented.<\/span><\/p>\n<h6 style=\"margin: 0in; font-family: Montserrat; font-size: 10.0pt; color: #1f8347;\"><span style=\"font-size: 16px; color: #dbed48;\"><strong><span style=\"background: white;\">Specialist planner for preventive fire protection<\/span><\/strong><\/span><\/h6>\n<p style=\"margin: 0in; font-family: Montserrat; font-size: 10.5pt; color: #666666;\"><span style=\"color: #808080; font-size: 16px;\">The work of the specialist planner for preventive fire protection focuses on the development of coherent fire protection concepts and technical fire protection verifications. Thanks to his special expertise and experience, he develops a comprehensive and object-specific overall concept in coordination with building owners and authorities.<\/span><\/p>\n<h6 style=\"margin: 0in; font-family: Montserrat; font-size: 10.0pt; color: #1f8347;\"><strong><span style=\"font-size: 16px; color: #dbed48; font-family: Montserrat;\"><span style=\"background: white;\">Specialist planner for fire protection in buildings<\/span><\/span><\/strong><\/h6>\n<p style=\"margin: 0in; font-family: Montserrat; font-size: 10.5pt; color: #666666;\"><span style=\"color: #808080; font-size: 16px;\">The interdisciplinary planning as well as the sensible combination of structural and technical fire protection measures within the framework of a fire protection concept or fire protection proof are, among other things, the tasks of the specialist planner for technical fire protection in buildings.<\/span><\/p>\t\t\t\t\t\t\t\t<\/div>\n\t\t\t\t<\/div>\n\t\t\t\t\t<\/div>\n\t\t<\/div>\n\t\t\t\t\t<\/div>\n\t\t<\/section>\n\t\t\t\t\t<\/div>\n\t\t<\/div>\n\t\t\t\t\t<\/div>\n\t\t<\/section>\n\t\t\t\t<section class=\"elementor-section elementor-top-section elementor-element elementor-element-4ec4f0a elementor-section-boxed elementor-section-height-default elementor-section-height-default\" data-id=\"4ec4f0a\" data-element_type=\"section\" data-e-type=\"section\">\n\t\t\t\t\t\t<div class=\"elementor-container elementor-column-gap-default\">\n\t\t\t\t\t<div class=\"elementor-column elementor-col-100 elementor-top-column elementor-element elementor-element-a33b19a\" data-id=\"a33b19a\" data-element_type=\"column\" data-e-type=\"column\">\n\t\t\t<div class=\"elementor-widget-wrap elementor-element-populated\">\n\t\t\t\t\t\t<section class=\"elementor-section elementor-inner-section elementor-element elementor-element-3ea4952 elementor-section-boxed elementor-section-height-default elementor-section-height-default\" data-id=\"3ea4952\" data-element_type=\"section\" data-e-type=\"section\">\n\t\t\t\t\t\t<div class=\"elementor-container elementor-column-gap-default\">\n\t\t\t\t\t<div class=\"elementor-column elementor-col-50 elementor-inner-column elementor-element elementor-element-79b7cae\" data-id=\"79b7cae\" data-element_type=\"column\" data-e-type=\"column\">\n\t\t\t<div class=\"elementor-widget-wrap elementor-element-populated\">\n\t\t\t\t\t\t<div class=\"elementor-element elementor-element-c948930 elementor-widget elementor-widget-image\" data-id=\"c948930\" data-element_type=\"widget\" data-e-type=\"widget\" data-widget_type=\"image.default\">\n\t\t\t\t<div class=\"elementor-widget-container\">\n\t\t\t\t\t\t\t\t\t\t\t\t\t\t\t<img fetchpriority=\"high\" decoding=\"async\" width=\"640\" height=\"427\" src=\"https:\/\/bauberatung-brandschutz.de\/wp-content\/uploads\/2022\/04\/handsome-business-man-engineer-hard-hat-building-1-1024x683.jpg\" class=\"attachment-large size-large wp-image-2561\" alt=\"\" srcset=\"https:\/\/bauberatung-brandschutz.de\/wp-content\/uploads\/2022\/04\/handsome-business-man-engineer-hard-hat-building-1-1024x683.jpg 1024w, https:\/\/bauberatung-brandschutz.de\/wp-content\/uploads\/2022\/04\/handsome-business-man-engineer-hard-hat-building-1-300x200.jpg 300w, https:\/\/bauberatung-brandschutz.de\/wp-content\/uploads\/2022\/04\/handsome-business-man-engineer-hard-hat-building-1-768x512.jpg 768w, https:\/\/bauberatung-brandschutz.de\/wp-content\/uploads\/2022\/04\/handsome-business-man-engineer-hard-hat-building-1-1536x1024.jpg 1536w, https:\/\/bauberatung-brandschutz.de\/wp-content\/uploads\/2022\/04\/handsome-business-man-engineer-hard-hat-building-1-2048x1365.jpg 2048w\" sizes=\"(max-width: 640px) 100vw, 640px\" \/>\t\t\t\t\t\t\t\t\t\t\t\t\t\t\t<\/div>\n\t\t\t\t<\/div>\n\t\t\t\t\t<\/div>\n\t\t<\/div>\n\t\t\t\t<div class=\"elementor-column elementor-col-50 elementor-inner-column elementor-element elementor-element-85418d8\" data-id=\"85418d8\" data-element_type=\"column\" data-e-type=\"column\">\n\t\t\t<div class=\"elementor-widget-wrap elementor-element-populated\">\n\t\t\t\t\t\t<div class=\"elementor-element elementor-element-8a423dc elementor-widget elementor-widget-text-editor\" data-id=\"8a423dc\" data-element_type=\"widget\" data-e-type=\"widget\" data-widget_type=\"text-editor.default\">\n\t\t\t\t<div class=\"elementor-widget-container\">\n\t\t\t\t\t\t\t\t\t<h5 style=\"margin: 0in; font-family: Montserrat; font-size: 10.0pt; color: #9a9943;\"><span style=\"text-decoration: underline; color: #dbed48; font-size: 16px;\"><strong><span style=\"background: white;\">Management<\/span><\/strong><\/span><\/h5>\n<h6 style=\"margin: 0in; font-family: Montserrat; font-size: 10.0pt; color: #1f8347;\"><span style=\"color: #dbed48; font-size: 16px;\"><strong><span style=\"background: white;\">Rainer Fakesch Dipl.-Ing. (FH)<\/span><\/strong><\/span><\/h6>\n<p style=\"margin: 0in; font-family: Montserrat; font-size: 10.5pt; color: #666666;\"><span style=\"background: white; font-size: 16px;\">Fire Protection Test Expert<\/span><\/p>\n<p style=\"margin: 0in; font-family: Montserrat; font-size: 10.5pt; color: #666666;\"><span style=\"background: white; font-size: 16px;\">Sachverst\u00e4ndiger f\u00fcr brandschutztechnische <\/span><\/p>\n<p style=\"margin: 0in; font-family: Montserrat; font-size: 10.5pt; color: #666666;\"><span style=\"background: white; font-size: 16px;\">Bau- und Objekt\u00fcberwachung<\/span><\/p>\n<p style=\"margin: 0in; font-family: Montserrat; font-size: 10.5pt; color: #666666;\"><span style=\"background: white; font-size: 16px;\"><span style=\"color: #333333;\">T<\/span>\u00a0+49 (0) 62 51\u00a0\/\u00a055\u00a006 520<\/span><\/p>\n<p style=\"margin: 0in; font-family: Montserrat; font-size: 10.5pt; color: #666666;\"><span style=\"background: white; font-size: 16px;\"><span style=\"color: #333333;\">M<\/span>\u00a0+49 (0) 1 71 \/ 4 25 18 02<\/span><\/p>\n<p style=\"margin: 0in; font-family: Montserrat; font-size: 10.5pt;\"><span style=\"font-size: 16px;\"><span style=\"color: #666666; background: white;\"><span style=\"color: #333333;\">M<\/span>\u00a0<\/span><a href=\"mailto:fakesch@bauberatung-brandschutz.de\"><span style=\"background: white;\">fakesch@bauberatung-brandschutz.de<\/span><\/a><\/span><\/p>\n<p style=\"margin: 0in; font-family: Montserrat; font-size: 10.5pt;\"><span style=\"font-size: 16px;\"><a href=\"https:\/\/joergwilke.com\/dev\/bbf\/impressum\/\">Impressum<\/a><\/span><\/p>\n<p style=\"margin: 0in; font-family: Montserrat; font-size: 10.5pt;\"><span style=\"font-size: 16px;\"><a href=\"https:\/\/joergwilke.com\/dev\/bbf\/datenschutzerklaerung\/\">Datenschutzerkl<span style=\"background: white;\">\u00e4<\/span>rung<\/a><\/span><\/p>\n<p style=\"margin: 0in; font-family: Montserrat; font-size: 10.5pt;\">\u00a0<\/p>\t\t\t\t\t\t\t\t<\/div>\n\t\t\t\t<\/div>\n\t\t\t\t\t<\/div>\n\t\t<\/div>\n\t\t\t\t\t<\/div>\n\t\t<\/section>\n\t\t\t\t\t<\/div>\n\t\t<\/div>\n\t\t\t\t\t<\/div>\n\t\t<\/section>\n\t\t\t\t<\/div>","protected":false},"excerpt":{"rendered":"<p>Hier finden Sie aktuelle Fakten rund um\u00a0 Bauberatung Brandschutz Fakesch GmbH. Au\u00dferdem eine Auflistung der Qualifikationen sowie die Vorstellung der Gesch\u00e4ftsf\u00fchrung. Wenn Sicherheit an erster&hellip;<\/p>","protected":false},"author":1,"featured_media":200,"parent":0,"menu_order":0,"comment_status":"closed","ping_status":"closed","template":"template-pagebuilder.php","meta":{"footnotes":""},"class_list":["post-199","page","type-page","status-publish","has-post-thumbnail","hentry"],"_links":{"self":[{"href":"https:\/\/bauberatung-brandschutz.de\/en\/wp-json\/wp\/v2\/pages\/199","targetHints":{"allow":["GET"]}}],"collection":[{"href":"https:\/\/bauberatung-brandschutz.de\/en\/wp-json\/wp\/v2\/pages"}],"about":[{"href":"https:\/\/bauberatung-brandschutz.de\/en\/wp-json\/wp\/v2\/types\/page"}],"author":[{"embeddable":true,"href":"https:\/\/bauberatung-brandschutz.de\/en\/wp-json\/wp\/v2\/users\/1"}],"replies":[{"embeddable":true,"href":"https:\/\/bauberatung-brandschutz.de\/en\/wp-json\/wp\/v2\/comments?post=199"}],"version-history":[{"count":63,"href":"https:\/\/bauberatung-brandschutz.de\/en\/wp-json\/wp\/v2\/pages\/199\/revisions"}],"predecessor-version":[{"id":3190,"href":"https:\/\/bauberatung-brandschutz.de\/en\/wp-json\/wp\/v2\/pages\/199\/revisions\/3190"}],"wp:featuredmedia":[{"embeddable":true,"href":"https:\/\/bauberatung-brandschutz.de\/en\/wp-json\/wp\/v2\/media\/200"}],"wp:attachment":[{"href":"https:\/\/bauberatung-brandschutz.de\/en\/wp-json\/wp\/v2\/media?parent=199"}],"curies":[{"name":"wp","href":"https:\/\/api.w.org\/{rel}","templated":true}]}}