{"id":2709,"date":"2022-04-11T02:41:34","date_gmt":"2022-04-11T02:41:34","guid":{"rendered":"https:\/\/bauberatung-brandschutz.de\/?page_id=2709"},"modified":"2022-04-11T02:41:59","modified_gmt":"2022-04-11T02:41:59","slug":"ece-stadtgalerie-heilbronn","status":"publish","type":"page","link":"https:\/\/bauberatung-brandschutz.de\/en\/ece-stadtgalerie-heilbronn\/","title":{"rendered":"ECE Stadtgalerie Heilbronn"},"content":{"rendered":"<div data-elementor-type=\"wp-page\" data-elementor-id=\"2709\" class=\"elementor elementor-2709\">\n\t\t\t\t\t\t<section class=\"elementor-section elementor-top-section elementor-element elementor-element-3a436ac8 elementor-section-boxed elementor-section-height-default elementor-section-height-default\" data-id=\"3a436ac8\" data-element_type=\"section\" data-e-type=\"section\">\n\t\t\t\t\t\t<div class=\"elementor-container elementor-column-gap-default\">\n\t\t\t\t\t<div class=\"elementor-column elementor-col-100 elementor-top-column elementor-element elementor-element-6c87eb48\" data-id=\"6c87eb48\" data-element_type=\"column\" data-e-type=\"column\">\n\t\t\t<div class=\"elementor-widget-wrap elementor-element-populated\">\n\t\t\t\t\t\t<div class=\"elementor-element elementor-element-41ed28ba elementor-widget elementor-widget-text-editor\" data-id=\"41ed28ba\" data-element_type=\"widget\" data-e-type=\"widget\" data-widget_type=\"text-editor.default\">\n\t\t\t\t<div class=\"elementor-widget-container\">\n\t\t\t\t\t\t\t\t\t<p><span style=\"font-size: 12pt;\"><\/span><\/p>\n<p><span style=\"font-family: Montserrat;\">ECE, the European market leader in the field of inner-city shopping centers, has been developing, planning, realizing, leasing and managing shopping centers since 1965. With a unique architecture designed by the Stuttgart architectural office Blocher Blocher Partners, the shopping center sets a modern urban accent in the city center of Heilbronn.<\/span><\/p>\n<p><span style=\"text-decoration: underline;\"><strong><span style=\"font-family: Montserrat;\">Usage:<\/span><\/strong><\/span><br \/><span style=\"font-family: Montserrat;\">Sales site<\/span><br \/><span style=\"font-family: Montserrat;\">Large garage<\/span><\/p>\n<p><span style=\"text-decoration: underline;\"><strong><span style=\"font-family: Montserrat;\">Measure:<\/span><\/strong><\/span><br \/><span style=\"font-family: Montserrat;\">New construction<\/span><\/p>\n<p><span style=\"text-decoration: underline;\"><strong><span style=\"font-family: Montserrat;\">Performance:<\/span><\/strong><\/span><br \/><span style=\"font-family: Montserrat;\">Implementation planning<\/span><br \/><span style=\"font-family: Montserrat;\">Objekt\u00fcberwachun<\/span><\/p>\n<p><span style=\"font-size: 12pt;\"><\/span><\/p>\t\t\t\t\t\t\t\t<\/div>\n\t\t\t\t<\/div>\n\t\t\t\t\t<\/div>\n\t\t<\/div>\n\t\t\t\t\t<\/div>\n\t\t<\/section>\n\t\t\t\t<\/div>","protected":false},"excerpt":{"rendered":"<p>Die ECE, europ\u00e4ischer Markf\u00fchrer auf dem Gebiet innerst\u00e4dtischer Shopping-Center entwickelt, plant, realisiert, vermietet und managt seit 1965 Einkaufszentren. Mit einer einzigartigen Architektur entworfen vom Stuttgarter&hellip;<\/p>","protected":false},"author":1,"featured_media":2710,"parent":0,"menu_order":0,"comment_status":"closed","ping_status":"closed","template":"","meta":{"footnotes":""},"class_list":["post-2709","page","type-page","status-publish","has-post-thumbnail","hentry"],"_links":{"self":[{"href":"https:\/\/bauberatung-brandschutz.de\/en\/wp-json\/wp\/v2\/pages\/2709","targetHints":{"allow":["GET"]}}],"collection":[{"href":"https:\/\/bauberatung-brandschutz.de\/en\/wp-json\/wp\/v2\/pages"}],"about":[{"href":"https:\/\/bauberatung-brandschutz.de\/en\/wp-json\/wp\/v2\/types\/page"}],"author":[{"embeddable":true,"href":"https:\/\/bauberatung-brandschutz.de\/en\/wp-json\/wp\/v2\/users\/1"}],"replies":[{"embeddable":true,"href":"https:\/\/bauberatung-brandschutz.de\/en\/wp-json\/wp\/v2\/comments?post=2709"}],"version-history":[{"count":4,"href":"https:\/\/bauberatung-brandschutz.de\/en\/wp-json\/wp\/v2\/pages\/2709\/revisions"}],"predecessor-version":[{"id":2714,"href":"https:\/\/bauberatung-brandschutz.de\/en\/wp-json\/wp\/v2\/pages\/2709\/revisions\/2714"}],"wp:featuredmedia":[{"embeddable":true,"href":"https:\/\/bauberatung-brandschutz.de\/en\/wp-json\/wp\/v2\/media\/2710"}],"wp:attachment":[{"href":"https:\/\/bauberatung-brandschutz.de\/en\/wp-json\/wp\/v2\/media?parent=2709"}],"curies":[{"name":"wp","href":"https:\/\/api.w.org\/{rel}","templated":true}]}}