{"id":2844,"date":"2022-04-11T04:02:55","date_gmt":"2022-04-11T04:02:55","guid":{"rendered":"https:\/\/bauberatung-brandschutz.de\/?page_id=2844"},"modified":"2025-07-18T10:31:34","modified_gmt":"2025-07-18T10:31:34","slug":"frankfurter-welle","status":"publish","type":"page","link":"https:\/\/bauberatung-brandschutz.de\/en\/frankfurter-welle\/","title":{"rendered":"Frankfurter Welle"},"content":{"rendered":"<div data-elementor-type=\"wp-page\" data-elementor-id=\"2844\" class=\"elementor elementor-2844\">\n\t\t\t\t\t\t<section class=\"elementor-section elementor-top-section elementor-element elementor-element-3a436ac8 elementor-section-boxed elementor-section-height-default elementor-section-height-default\" data-id=\"3a436ac8\" data-element_type=\"section\" data-e-type=\"section\">\n\t\t\t\t\t\t<div class=\"elementor-container elementor-column-gap-default\">\n\t\t\t\t\t<div class=\"elementor-column elementor-col-100 elementor-top-column elementor-element elementor-element-6c87eb48\" data-id=\"6c87eb48\" data-element_type=\"column\" data-e-type=\"column\">\n\t\t\t<div class=\"elementor-widget-wrap elementor-element-populated\">\n\t\t\t\t\t\t<div class=\"elementor-element elementor-element-41ed28ba elementor-widget elementor-widget-text-editor\" data-id=\"41ed28ba\" data-element_type=\"widget\" data-e-type=\"widget\" data-widget_type=\"text-editor.default\">\n\t\t\t\t<div class=\"elementor-widget-container\">\n\t\t\t\t\t\t\t\t\t<p><span style=\"font-size: 12pt;\"><\/span><\/p>\n<p><span style=\"font-family: Montserrat;\">The Frankfurter Welle, an ensemble of buildings in the center of the city of Frankfurt am Main. Completed in 2001 by the renowned Frankfurt architectural firm JSK, the building houses over 80,000 square meters of office space, restaurants, cafes and apartments. With its unusual form, it sets a striking accent between the Alte Oper and the banking district.<\/span><\/p>\n<p><span style=\"text-decoration: underline;\"><strong><span style=\"font-family: Montserrat;\">Usage:<\/span><\/strong><\/span><br \/><span style=\"font-family: Montserrat;\">Office and administrative use<\/span><\/p>\n<p><span style=\"text-decoration: underline;\"><strong><span style=\"font-family: Montserrat;\">Measure:<\/span><\/strong><\/span><br \/><span style=\"font-family: Montserrat;\">Existing building - reconstruction<\/span><\/p>\n<p><span style=\"text-decoration: underline;\"><strong><span style=\"font-family: Montserrat;\">Performance:<\/span><\/strong><\/span><br \/><span style=\"font-family: Montserrat;\">Fire protection planning<\/span><br \/><span style=\"font-family: Montserrat;\">Implementation planning<\/span><br \/><span style=\"font-family: Montserrat;\">Object monitoring<\/span><\/p>\n<p><span style=\"font-size: 12pt;\"><\/span><\/p>\t\t\t\t\t\t\t\t<\/div>\n\t\t\t\t<\/div>\n\t\t\t\t\t<\/div>\n\t\t<\/div>\n\t\t\t\t\t<\/div>\n\t\t<\/section>\n\t\t\t\t<\/div>","protected":false},"excerpt":{"rendered":"<p>Die Frankfurter Welle, ein Geb\u00e4udeensemble im Zentrum der Stadt Frankfurt am Main. Das 2001 fertig gestellte Geb\u00e4ude des renommierten Frankfurter Architekturb\u00fcros JSK beherbergt \u00fcber 80.000&hellip;<\/p>","protected":false},"author":1,"featured_media":3173,"parent":0,"menu_order":0,"comment_status":"closed","ping_status":"closed","template":"","meta":{"footnotes":""},"class_list":["post-2844","page","type-page","status-publish","has-post-thumbnail","hentry"],"_links":{"self":[{"href":"https:\/\/bauberatung-brandschutz.de\/en\/wp-json\/wp\/v2\/pages\/2844","targetHints":{"allow":["GET"]}}],"collection":[{"href":"https:\/\/bauberatung-brandschutz.de\/en\/wp-json\/wp\/v2\/pages"}],"about":[{"href":"https:\/\/bauberatung-brandschutz.de\/en\/wp-json\/wp\/v2\/types\/page"}],"author":[{"embeddable":true,"href":"https:\/\/bauberatung-brandschutz.de\/en\/wp-json\/wp\/v2\/users\/1"}],"replies":[{"embeddable":true,"href":"https:\/\/bauberatung-brandschutz.de\/en\/wp-json\/wp\/v2\/comments?post=2844"}],"version-history":[{"count":5,"href":"https:\/\/bauberatung-brandschutz.de\/en\/wp-json\/wp\/v2\/pages\/2844\/revisions"}],"predecessor-version":[{"id":2996,"href":"https:\/\/bauberatung-brandschutz.de\/en\/wp-json\/wp\/v2\/pages\/2844\/revisions\/2996"}],"wp:featuredmedia":[{"embeddable":true,"href":"https:\/\/bauberatung-brandschutz.de\/en\/wp-json\/wp\/v2\/media\/3173"}],"wp:attachment":[{"href":"https:\/\/bauberatung-brandschutz.de\/en\/wp-json\/wp\/v2\/media?parent=2844"}],"curies":[{"name":"wp","href":"https:\/\/api.w.org\/{rel}","templated":true}]}}