{"id":2859,"date":"2022-04-11T04:06:40","date_gmt":"2022-04-11T04:06:40","guid":{"rendered":"https:\/\/bauberatung-brandschutz.de\/?page_id=2859"},"modified":"2022-06-07T11:53:40","modified_gmt":"2022-06-07T11:53:40","slug":"wuerth-industrie-service-bad-mergentheim","status":"publish","type":"page","link":"https:\/\/bauberatung-brandschutz.de\/en\/wuerth-industrie-service-bad-mergentheim\/","title":{"rendered":"W\u00fcrth Industrie Service Bad Mergentheim"},"content":{"rendered":"<div data-elementor-type=\"wp-page\" data-elementor-id=\"2859\" class=\"elementor elementor-2859\">\n\t\t\t\t\t\t<section class=\"elementor-section elementor-top-section elementor-element elementor-element-3a436ac8 elementor-section-boxed elementor-section-height-default elementor-section-height-default\" data-id=\"3a436ac8\" data-element_type=\"section\" data-e-type=\"section\">\n\t\t\t\t\t\t<div class=\"elementor-container elementor-column-gap-default\">\n\t\t\t\t\t<div class=\"elementor-column elementor-col-100 elementor-top-column elementor-element elementor-element-6c87eb48\" data-id=\"6c87eb48\" data-element_type=\"column\" data-e-type=\"column\">\n\t\t\t<div class=\"elementor-widget-wrap elementor-element-populated\">\n\t\t\t\t\t\t<div class=\"elementor-element elementor-element-41ed28ba elementor-widget elementor-widget-text-editor\" data-id=\"41ed28ba\" data-element_type=\"widget\" data-e-type=\"widget\" data-widget_type=\"text-editor.default\">\n\t\t\t\t<div class=\"elementor-widget-container\">\n\t\t\t\t\t\t\t\t\t<p><span style=\"font-size: 12pt;\"><\/span><\/p>\n<p><span style=\"font-family: Montserrat;\">W\u00fcrth Industrie Service GmbH &amp; Co. KG as a subsidiary of Adolf W\u00fcrth GmbH &amp; Co. KG, covers the company premises at the Bad Mergentheim site on the Drillberg. Several existing buildings on the company premises were serviced in terms of fire protection within the scope of expansion and conversion measures.<\/span><br \/><br \/><span style=\"text-decoration: underline;\"><strong><span style=\"font-family: Montserrat;\">Usage:<\/span><\/strong><\/span><br \/><span style=\"font-family: Montserrat;\">Industrial construction<\/span><br \/><span style=\"font-family: Montserrat;\">High-bay warehouse<\/span><br \/><span style=\"font-family: Montserrat;\">Office and administration building<\/span><\/p>\n<p><span style=\"text-decoration: underline;\"><strong><span style=\"font-family: Montserrat;\">Measure:<\/span><\/strong><\/span><br \/><span style=\"font-family: Montserrat;\">Existing building - conversion &amp; new extension<\/span><\/p>\n<p><span style=\"text-decoration: underline;\"><strong><span style=\"font-family: Montserrat;\">Performance:<\/span><\/strong><\/span><br \/><span style=\"font-family: Montserrat;\">Fire protection planning<\/span><br \/><span style=\"font-family: Montserrat;\">Implementation planning<\/span><br \/><span style=\"font-family: Montserrat;\">Object monitoring<\/span><\/p>\n<p><span style=\"font-size: 12pt;\"><\/span><\/p>\t\t\t\t\t\t\t\t<\/div>\n\t\t\t\t<\/div>\n\t\t\t\t\t<\/div>\n\t\t<\/div>\n\t\t\t\t\t<\/div>\n\t\t<\/section>\n\t\t\t\t<\/div>","protected":false},"excerpt":{"rendered":"<p>Die W\u00fcrth Industrie Service GmbH &amp; Co. KG als Tochtergesellschaft der Adolf W\u00fcrth GmbH &amp; Co. KG umfasst das Betriebsgel\u00e4nde am Standort Bad Mergentheim auf&hellip;<\/p>","protected":false},"author":1,"featured_media":3007,"parent":0,"menu_order":0,"comment_status":"closed","ping_status":"closed","template":"","meta":{"footnotes":""},"class_list":["post-2859","page","type-page","status-publish","has-post-thumbnail","hentry"],"_links":{"self":[{"href":"https:\/\/bauberatung-brandschutz.de\/en\/wp-json\/wp\/v2\/pages\/2859","targetHints":{"allow":["GET"]}}],"collection":[{"href":"https:\/\/bauberatung-brandschutz.de\/en\/wp-json\/wp\/v2\/pages"}],"about":[{"href":"https:\/\/bauberatung-brandschutz.de\/en\/wp-json\/wp\/v2\/types\/page"}],"author":[{"embeddable":true,"href":"https:\/\/bauberatung-brandschutz.de\/en\/wp-json\/wp\/v2\/users\/1"}],"replies":[{"embeddable":true,"href":"https:\/\/bauberatung-brandschutz.de\/en\/wp-json\/wp\/v2\/comments?post=2859"}],"version-history":[{"count":5,"href":"https:\/\/bauberatung-brandschutz.de\/en\/wp-json\/wp\/v2\/pages\/2859\/revisions"}],"predecessor-version":[{"id":3008,"href":"https:\/\/bauberatung-brandschutz.de\/en\/wp-json\/wp\/v2\/pages\/2859\/revisions\/3008"}],"wp:featuredmedia":[{"embeddable":true,"href":"https:\/\/bauberatung-brandschutz.de\/en\/wp-json\/wp\/v2\/media\/3007"}],"wp:attachment":[{"href":"https:\/\/bauberatung-brandschutz.de\/en\/wp-json\/wp\/v2\/media?parent=2859"}],"curies":[{"name":"wp","href":"https:\/\/api.w.org\/{rel}","templated":true}]}}