{"id":2884,"date":"2022-04-11T04:13:03","date_gmt":"2022-04-11T04:13:03","guid":{"rendered":"https:\/\/bauberatung-brandschutz.de\/?page_id=2884"},"modified":"2025-07-18T10:35:44","modified_gmt":"2025-07-18T10:35:44","slug":"hamberger-grossmarkt-gmbh-muenchen","status":"publish","type":"page","link":"https:\/\/bauberatung-brandschutz.de\/en\/hamberger-grossmarkt-gmbh-muenchen\/","title":{"rendered":"Hamberger Gro\u00dfmarkt GmbH M\u00fcnchen"},"content":{"rendered":"<div data-elementor-type=\"wp-page\" data-elementor-id=\"2884\" class=\"elementor elementor-2884\">\n\t\t\t\t\t\t<section class=\"elementor-section elementor-top-section elementor-element elementor-element-3a436ac8 elementor-section-boxed elementor-section-height-default elementor-section-height-default\" data-id=\"3a436ac8\" data-element_type=\"section\" data-e-type=\"section\">\n\t\t\t\t\t\t<div class=\"elementor-container elementor-column-gap-default\">\n\t\t\t\t\t<div class=\"elementor-column elementor-col-100 elementor-top-column elementor-element elementor-element-6c87eb48\" data-id=\"6c87eb48\" data-element_type=\"column\" data-e-type=\"column\">\n\t\t\t<div class=\"elementor-widget-wrap elementor-element-populated\">\n\t\t\t\t\t\t<div class=\"elementor-element elementor-element-41ed28ba elementor-widget elementor-widget-text-editor\" data-id=\"41ed28ba\" data-element_type=\"widget\" data-e-type=\"widget\" data-widget_type=\"text-editor.default\">\n\t\t\t\t<div class=\"elementor-widget-container\">\n\t\t\t\t\t\t\t\t\t<p><span style=\"font-size: 12pt;\"><\/span><\/p>\n<p><span style=\"font-family: Montserrat;\">Already since the end of the 19th century, the present Hamberger Gro\u00dfmarkt GmbH developed over time from a constantly expanding production program. The main field of activity of Hamberger Gro\u00dfmarkt GmbH today is the food delivery service and the clear focus on freshness. The main customers are gastronomy, hotels and retail. A pick-up wholesale market with 14,000 square meters of sales area is operated in Munich, near the Ostbahnhof railway station.<\/span><\/p>\n<p><span style=\"text-decoration: underline;\"><strong><span style=\"font-family: Montserrat;\">Usage:<\/span><\/strong><\/span><br \/><span style=\"font-family: Montserrat;\">Sales site<\/span><br \/><span style=\"font-family: Montserrat;\">Large garage<\/span><\/p>\n<p><span style=\"text-decoration: underline;\"><strong><span style=\"font-family: Montserrat;\">Measure:<\/span><\/strong><\/span><br \/><span style=\"font-family: Montserrat;\">Existing building, conversion, extension<\/span><\/p>\n<p><span style=\"text-decoration: underline;\"><strong><span style=\"font-family: Montserrat;\">Performance:<\/span><\/strong><\/span><br \/><span style=\"font-family: Montserrat;\">Fire protection planning<\/span><br \/><span style=\"font-family: Montserrat;\">Implementation planning<\/span><br \/><span style=\"font-family: Montserrat;\">Object monitoring<\/span><\/p>\n<p><span style=\"font-size: 12pt;\"><\/span><\/p>\t\t\t\t\t\t\t\t<\/div>\n\t\t\t\t<\/div>\n\t\t\t\t\t<\/div>\n\t\t<\/div>\n\t\t\t\t\t<\/div>\n\t\t<\/section>\n\t\t\t\t<\/div>","protected":false},"excerpt":{"rendered":"<p>Bereits seit Ende des 19. Jahrhunderts entwickelte sich im Laufe der Zeit, aus einem st\u00e4ndig ausgebauten Produktionsprogramm die heutige Hamberger Gro\u00dfmarkt GmbH. Das Hauptbet\u00e4tigungsfeld der&hellip;<\/p>","protected":false},"author":1,"featured_media":3176,"parent":0,"menu_order":0,"comment_status":"closed","ping_status":"closed","template":"","meta":{"footnotes":""},"class_list":["post-2884","page","type-page","status-publish","has-post-thumbnail","hentry"],"_links":{"self":[{"href":"https:\/\/bauberatung-brandschutz.de\/en\/wp-json\/wp\/v2\/pages\/2884","targetHints":{"allow":["GET"]}}],"collection":[{"href":"https:\/\/bauberatung-brandschutz.de\/en\/wp-json\/wp\/v2\/pages"}],"about":[{"href":"https:\/\/bauberatung-brandschutz.de\/en\/wp-json\/wp\/v2\/types\/page"}],"author":[{"embeddable":true,"href":"https:\/\/bauberatung-brandschutz.de\/en\/wp-json\/wp\/v2\/users\/1"}],"replies":[{"embeddable":true,"href":"https:\/\/bauberatung-brandschutz.de\/en\/wp-json\/wp\/v2\/comments?post=2884"}],"version-history":[{"count":5,"href":"https:\/\/bauberatung-brandschutz.de\/en\/wp-json\/wp\/v2\/pages\/2884\/revisions"}],"predecessor-version":[{"id":3010,"href":"https:\/\/bauberatung-brandschutz.de\/en\/wp-json\/wp\/v2\/pages\/2884\/revisions\/3010"}],"wp:featuredmedia":[{"embeddable":true,"href":"https:\/\/bauberatung-brandschutz.de\/en\/wp-json\/wp\/v2\/media\/3176"}],"wp:attachment":[{"href":"https:\/\/bauberatung-brandschutz.de\/en\/wp-json\/wp\/v2\/media?parent=2884"}],"curies":[{"name":"wp","href":"https:\/\/api.w.org\/{rel}","templated":true}]}}