{"id":2889,"date":"2022-04-11T04:14:22","date_gmt":"2022-04-11T04:14:22","guid":{"rendered":"https:\/\/bauberatung-brandschutz.de\/?page_id=2889"},"modified":"2025-07-18T10:56:04","modified_gmt":"2025-07-18T10:56:04","slug":"motorloft-car-house-events-saarlouis","status":"publish","type":"page","link":"https:\/\/bauberatung-brandschutz.de\/en\/motorloft-car-house-events-saarlouis\/","title":{"rendered":"Motorloft Car House + Events Saarlouis"},"content":{"rendered":"<div data-elementor-type=\"wp-page\" data-elementor-id=\"2889\" class=\"elementor elementor-2889\">\n\t\t\t\t\t\t<section class=\"elementor-section elementor-top-section elementor-element elementor-element-3a436ac8 elementor-section-boxed elementor-section-height-default elementor-section-height-default\" data-id=\"3a436ac8\" data-element_type=\"section\" data-e-type=\"section\">\n\t\t\t\t\t\t<div class=\"elementor-container elementor-column-gap-default\">\n\t\t\t\t\t<div class=\"elementor-column elementor-col-100 elementor-top-column elementor-element elementor-element-6c87eb48\" data-id=\"6c87eb48\" data-element_type=\"column\" data-e-type=\"column\">\n\t\t\t<div class=\"elementor-widget-wrap elementor-element-populated\">\n\t\t\t\t\t\t<div class=\"elementor-element elementor-element-41ed28ba elementor-widget elementor-widget-text-editor\" data-id=\"41ed28ba\" data-element_type=\"widget\" data-e-type=\"widget\" data-widget_type=\"text-editor.default\">\n\t\t\t\t<div class=\"elementor-widget-container\">\n\t\t\t\t\t\t\t\t\t<p><span style=\"font-size: 12pt;\"><\/span><\/p>\n<p><span style=\"font-family: Montserrat;\">With creative conversion measures, an existing industrial building became the MotorLoft Saarlouis. An exciting loft location combined of glass automobile garages for the accommodation and exhibition of mobile collector's items, exhibition areas for the presentation of automobile history, workshop areas for repair and restoration as well as adjacent, individually usable event space.<\/span><\/p>\n<p><span style=\"text-decoration: underline;\"><strong><span style=\"font-family: Montserrat;\">Usage:<\/span><\/strong><\/span><br \/><span style=\"font-family: Montserrat;\">Meeting place<\/span><\/p>\n<p><span style=\"text-decoration: underline;\"><strong><span style=\"font-family: Montserrat;\">Measure:<\/span><\/strong><\/span><br \/><span style=\"font-family: Montserrat;\">Existing building - change of use<\/span><\/p>\n<p><span style=\"text-decoration: underline;\"><strong><span style=\"font-family: Montserrat;\">Performance:<\/span><\/strong><\/span><br \/><span style=\"font-family: Montserrat;\">Fire protection planning<\/span><br \/><span style=\"font-family: Montserrat;\">Implementation planning<\/span><br \/><span style=\"font-family: Montserrat;\">Object monitoring<\/span><\/p>\n<p><span style=\"font-size: 12pt;\"><\/span><\/p>\t\t\t\t\t\t\t\t<\/div>\n\t\t\t\t<\/div>\n\t\t\t\t\t<\/div>\n\t\t<\/div>\n\t\t\t\t\t<\/div>\n\t\t<\/section>\n\t\t\t\t<\/div>","protected":false},"excerpt":{"rendered":"<p>Aus einem bestehenden Industriegeb\u00e4ude wurde mit kreativen Umbauma\u00dfnahmen das MotorLoft Saarlouis. Eine spannende Loftlocation kombiniert aus gl\u00e4sernen Automobil-Garagen zur Unterbringung und Ausstellung von mobilen Liebhaberst\u00fccken,&hellip;<\/p>","protected":false},"author":1,"featured_media":3185,"parent":0,"menu_order":0,"comment_status":"closed","ping_status":"closed","template":"","meta":{"footnotes":""},"class_list":["post-2889","page","type-page","status-publish","has-post-thumbnail","hentry"],"_links":{"self":[{"href":"https:\/\/bauberatung-brandschutz.de\/en\/wp-json\/wp\/v2\/pages\/2889","targetHints":{"allow":["GET"]}}],"collection":[{"href":"https:\/\/bauberatung-brandschutz.de\/en\/wp-json\/wp\/v2\/pages"}],"about":[{"href":"https:\/\/bauberatung-brandschutz.de\/en\/wp-json\/wp\/v2\/types\/page"}],"author":[{"embeddable":true,"href":"https:\/\/bauberatung-brandschutz.de\/en\/wp-json\/wp\/v2\/users\/1"}],"replies":[{"embeddable":true,"href":"https:\/\/bauberatung-brandschutz.de\/en\/wp-json\/wp\/v2\/comments?post=2889"}],"version-history":[{"count":4,"href":"https:\/\/bauberatung-brandschutz.de\/en\/wp-json\/wp\/v2\/pages\/2889\/revisions"}],"predecessor-version":[{"id":2893,"href":"https:\/\/bauberatung-brandschutz.de\/en\/wp-json\/wp\/v2\/pages\/2889\/revisions\/2893"}],"wp:featuredmedia":[{"embeddable":true,"href":"https:\/\/bauberatung-brandschutz.de\/en\/wp-json\/wp\/v2\/media\/3185"}],"wp:attachment":[{"href":"https:\/\/bauberatung-brandschutz.de\/en\/wp-json\/wp\/v2\/media?parent=2889"}],"curies":[{"name":"wp","href":"https:\/\/api.w.org\/{rel}","templated":true}]}}