{"id":409,"date":"2019-04-19T06:53:58","date_gmt":"2019-04-19T06:53:58","guid":{"rendered":"https:\/\/demo.sparklewpthemes.com\/constructionlightpro\/constyellow\/interior-design\/"},"modified":"2022-04-25T12:00:22","modified_gmt":"2022-04-25T12:00:22","slug":"brandsimulationen","status":"publish","type":"page","link":"https:\/\/bauberatung-brandschutz.de\/en\/brandsimulationen\/","title":{"rendered":"Fire Simulation"},"content":{"rendered":"<div data-elementor-type=\"wp-page\" data-elementor-id=\"409\" class=\"elementor elementor-409\">\n\t\t\t\t\t\t<section class=\"elementor-section elementor-top-section elementor-element elementor-element-f9f921e elementor-section-boxed elementor-section-height-default elementor-section-height-default\" data-id=\"f9f921e\" data-element_type=\"section\" data-e-type=\"section\">\n\t\t\t\t\t\t<div class=\"elementor-container elementor-column-gap-default\">\n\t\t\t\t\t<div class=\"elementor-column elementor-col-100 elementor-top-column elementor-element elementor-element-7c3a782a\" data-id=\"7c3a782a\" data-element_type=\"column\" data-e-type=\"column\">\n\t\t\t<div class=\"elementor-widget-wrap elementor-element-populated\">\n\t\t\t\t\t\t<div class=\"elementor-element elementor-element-3571ff3c elementor-widget elementor-widget-text-editor\" data-id=\"3571ff3c\" data-element_type=\"widget\" data-e-type=\"widget\" data-widget_type=\"text-editor.default\">\n\t\t\t\t<div class=\"elementor-widget-container\">\n\t\t\t\t\t\t\t\t\t<p><span style=\"font-family: Montserrat;\">In der Baupraxis kann ein Geb\u00e4ude nicht immer alle Anforderungen im Wortlaut der Gesetze, Verordnungen und technischen Baubestimmungen erf\u00fcllen. Ein zu erhaltender Geb\u00e4udebestand, eine zukunftsweisende Architektur oder besondere Nutzungsanforderungen stehen oft nicht vollst\u00e4ndig im Einklang mit den Brandschutzvorschriften und erzeugen Fragestellungen, f\u00fcr welche wir die L\u00f6sung anbieten:<\/span><\/p><p><span style=\"font-family: Montserrat;\">Modern fire protection with engineering methods and <b>Fire Simulation<\/b>.<\/span><\/p><p><span style=\"font-family: Montserrat;\">Using field models (FDS), fire progressions and fire effects (also as input data for structural investigation or hot design), smoke propagation or smoke dissipation as well as pollutant concentrations can be investigated. This results in a wide range of possibilities for:<\/span><\/p><ul type=\"disc\"><li><span style=\"font-family: Montserrat;\">Justification of deviations (e.g. oversized fire compartments).<\/span><\/li><li><span style=\"font-family: Montserrat;\">Optimization and verification of the effectiveness of system technology (e.g. sprinkler protection, smoke extraction and smoke dissipation)<\/span><\/li><li><span style=\"font-family: Montserrat;\">Savings in construction costs through optimized and protection-goal-oriented fire protection requirements (e.g. calculation of the required number of smoke outlet openings in the roof area)<\/span><\/li><\/ul><p><span style=\"font-family: Montserrat;\">\u2026und vieles mehr.<\/span><\/p>\t\t\t\t\t\t\t\t<\/div>\n\t\t\t\t<\/div>\n\t\t\t\t\t<\/div>\n\t\t<\/div>\n\t\t\t\t\t<\/div>\n\t\t<\/section>\n\t\t\t\t<\/div>","protected":false},"excerpt":{"rendered":"<p>In der Baupraxis kann ein Geb\u00e4ude nicht immer alle Anforderungen im Wortlaut der Gesetze, Verordnungen und technischen Baubestimmungen erf\u00fcllen. Ein zu erhaltender Geb\u00e4udebestand, eine zukunftsweisende&hellip;<\/p>","protected":false},"author":1,"featured_media":2528,"parent":0,"menu_order":0,"comment_status":"closed","ping_status":"closed","template":"","meta":{"footnotes":""},"class_list":["post-409","page","type-page","status-publish","has-post-thumbnail","hentry"],"_links":{"self":[{"href":"https:\/\/bauberatung-brandschutz.de\/en\/wp-json\/wp\/v2\/pages\/409","targetHints":{"allow":["GET"]}}],"collection":[{"href":"https:\/\/bauberatung-brandschutz.de\/en\/wp-json\/wp\/v2\/pages"}],"about":[{"href":"https:\/\/bauberatung-brandschutz.de\/en\/wp-json\/wp\/v2\/types\/page"}],"author":[{"embeddable":true,"href":"https:\/\/bauberatung-brandschutz.de\/en\/wp-json\/wp\/v2\/users\/1"}],"replies":[{"embeddable":true,"href":"https:\/\/bauberatung-brandschutz.de\/en\/wp-json\/wp\/v2\/comments?post=409"}],"version-history":[{"count":39,"href":"https:\/\/bauberatung-brandschutz.de\/en\/wp-json\/wp\/v2\/pages\/409\/revisions"}],"predecessor-version":[{"id":2960,"href":"https:\/\/bauberatung-brandschutz.de\/en\/wp-json\/wp\/v2\/pages\/409\/revisions\/2960"}],"wp:featuredmedia":[{"embeddable":true,"href":"https:\/\/bauberatung-brandschutz.de\/en\/wp-json\/wp\/v2\/media\/2528"}],"wp:attachment":[{"href":"https:\/\/bauberatung-brandschutz.de\/en\/wp-json\/wp\/v2\/media?parent=409"}],"curies":[{"name":"wp","href":"https:\/\/api.w.org\/{rel}","templated":true}]}}