{"id":412,"date":"2019-04-19T06:56:49","date_gmt":"2019-04-19T06:56:49","guid":{"rendered":"https:\/\/demo.sparklewpthemes.com\/constructionlightpro\/constyellow\/house-construction\/"},"modified":"2025-07-08T10:28:41","modified_gmt":"2025-07-08T10:28:41","slug":"brandschutzkonzepte","status":"publish","type":"page","link":"https:\/\/bauberatung-brandschutz.de\/en\/brandschutzkonzepte\/","title":{"rendered":"Fire Protection Concepts"},"content":{"rendered":"<div data-elementor-type=\"wp-page\" data-elementor-id=\"412\" class=\"elementor elementor-412\">\n\t\t\t\t\t\t<section class=\"elementor-section elementor-top-section elementor-element elementor-element-66f064f elementor-section-boxed elementor-section-height-default elementor-section-height-default\" data-id=\"66f064f\" data-element_type=\"section\" data-e-type=\"section\">\n\t\t\t\t\t\t<div class=\"elementor-container elementor-column-gap-default\">\n\t\t\t\t\t<div class=\"elementor-column elementor-col-100 elementor-top-column elementor-element elementor-element-a4781cd\" data-id=\"a4781cd\" data-element_type=\"column\" data-e-type=\"column\">\n\t\t\t<div class=\"elementor-widget-wrap elementor-element-populated\">\n\t\t\t\t\t\t<div class=\"elementor-element elementor-element-2a82f54 elementor-widget elementor-widget-text-editor\" data-id=\"2a82f54\" data-element_type=\"widget\" data-e-type=\"widget\" data-widget_type=\"text-editor.default\">\n\t\t\t\t<div class=\"elementor-widget-container\">\n\t\t\t\t\t\t\t\t\t<p><span style=\"font-family: Montserrat;\">The preparation of fire protection concepts is the main task of our office activities. <\/span><span style=\"font-family: Montserrat;\">The main focus is on successfully mediating between the interests of the client and the legal and regulatory requirements.<\/span><\/p>\n<p><span style=\"font-family: Montserrat;\">On the web of laws, ordinances and technical regulations, we want to show you the best way to get your building project approved, while always keeping an eye on the costs.<\/span><\/p>\n<p><span style=\"font-family: Montserrat;\">Kein Bauvorhaben gleicht dem anderen und nicht immer k\u00f6nnen einzelne, brandschutztechnische Anforderungen der bestehenden Rechtsgrundlagen ohne weiteres umgesetzt werden.<\/span><\/p>\n<p><span style=\"font-family: Montserrat;\">In pers\u00f6nlichen Gespr\u00e4chen mit Genehmigungsbeh\u00f6rden werden ad\u00e4quate Ma\u00dfnahmen vereinbart und in einem umfassenden Brandschutzkonzept in sich schl\u00fcssig und nachvollziehbar dargestellt.<\/span><\/p>\n<p><span style=\"font-family: Montserrat;\">Our personal experience ranges from industrial buildings to office and administrative buildings - from residential buildings to office towers.<\/span><\/p>\n<p><span style=\"font-family: Montserrat;\"><!-- \/wp:paragraph --><\/span><\/p>\t\t\t\t\t\t\t\t<\/div>\n\t\t\t\t<\/div>\n\t\t\t\t\t<\/div>\n\t\t<\/div>\n\t\t\t\t\t<\/div>\n\t\t<\/section>\n\t\t\t\t<\/div>","protected":false},"excerpt":{"rendered":"<p>Die Erstellung von Brandschutzkonzepten ist ein zentrales Aufgabengebiet unserer B\u00fcrot\u00e4tigkeit. Das Hauptaugenmerk liegt dabei in der erfolgreichen Vermittlung zwischen den Interessen des Bauherrn und den&hellip;<\/p>","protected":false},"author":1,"featured_media":2534,"parent":0,"menu_order":0,"comment_status":"closed","ping_status":"closed","template":"","meta":{"footnotes":""},"class_list":["post-412","page","type-page","status-publish","has-post-thumbnail","hentry"],"_links":{"self":[{"href":"https:\/\/bauberatung-brandschutz.de\/en\/wp-json\/wp\/v2\/pages\/412","targetHints":{"allow":["GET"]}}],"collection":[{"href":"https:\/\/bauberatung-brandschutz.de\/en\/wp-json\/wp\/v2\/pages"}],"about":[{"href":"https:\/\/bauberatung-brandschutz.de\/en\/wp-json\/wp\/v2\/types\/page"}],"author":[{"embeddable":true,"href":"https:\/\/bauberatung-brandschutz.de\/en\/wp-json\/wp\/v2\/users\/1"}],"replies":[{"embeddable":true,"href":"https:\/\/bauberatung-brandschutz.de\/en\/wp-json\/wp\/v2\/comments?post=412"}],"version-history":[{"count":17,"href":"https:\/\/bauberatung-brandschutz.de\/en\/wp-json\/wp\/v2\/pages\/412\/revisions"}],"predecessor-version":[{"id":3151,"href":"https:\/\/bauberatung-brandschutz.de\/en\/wp-json\/wp\/v2\/pages\/412\/revisions\/3151"}],"wp:featuredmedia":[{"embeddable":true,"href":"https:\/\/bauberatung-brandschutz.de\/en\/wp-json\/wp\/v2\/media\/2534"}],"wp:attachment":[{"href":"https:\/\/bauberatung-brandschutz.de\/en\/wp-json\/wp\/v2\/media?parent=412"}],"curies":[{"name":"wp","href":"https:\/\/api.w.org\/{rel}","templated":true}]}}